{"id":11,"date":"2013-02-05T20:18:09","date_gmt":"2013-02-05T21:18:09","guid":{"rendered":"http:\/\/burg-apo.net\/?page_id=11"},"modified":"2026-04-22T06:48:38","modified_gmt":"2026-04-22T07:48:38","slug":"notdienst","status":"publish","type":"page","link":"https:\/\/burg-apo.net\/?page_id=11","title":{"rendered":"Notdienst:"},"content":{"rendered":"\n<p><\/p>\n\n\n\n<p><span style=\"font-size: 18px;\"><span style=\"font-family: arial,helvetica,sans-serif;\"><strong><u>Notdienstplan<\/u><\/strong><\/span><\/span><\/p>\n\n\n\n<h3 class=\"wp-block-heading\">Andere diensthabende Apotheken finden Sie unter&nbsp;<a href=\"https:\/\/lak-rlp.de\/notdienstportal\/schnellsuche\" target=\"_blank\" rel=\"noreferrer noopener\">http:\/\/lak-rlp.notdienstportal.de<\/a> (Rheinland-Pfalz) und <a href=\"http:\/\/www.aknr.de\/notdienst\" target=\"_blank\" rel=\"noreferrer noopener\">http:\/\/www.aknr.de\/notdienst<\/a> (NRW)<\/h3>\n\n\n\n<p>Die Rufnummern der regionalen \u00e4rztlichen Bereitschaftsdienste finden Sie <a href=\"https:\/\/www.pruem.de\/leben-infrastruktur\/aerztliche-bereitschaftsdienste-notrufe\/\" target=\"_blank\" rel=\"noopener\">hier.<\/a>, die \u00d6ffnungszeiten der umliegenden Bereitschaftsdienstzentralen <a href=\"https:\/\/bereitschaftspraxen.116117.de\/\" target=\"_blank\" rel=\"noreferrer noopener\">hier.<\/a><\/p>\n\n\n\n<p>Den zahn\u00e4rztlichen Notfalldienst finden Sie <a href=\"https:\/\/bzk-trier.de\/fuer-patienten\/notdienst\/?info=7\" target=\"_blank\" rel=\"noreferrer noopener\">hier<\/a>.<\/p>\n\n\n\n<p><\/p>\n\n\n\n<figure class=\"wp-block-table\"><table><tbody><tr><td><strong>Samstag,<\/strong> <br><strong>18.04.26<\/strong><\/td><td>Schloss-Apotheke<a href=\"http:\/\/maps.google.de\/maps?q=Schloss-Apotheke%2C%20Raderstr.%201%2C%2054568%20Gerolstein\" target=\"_blank\" rel=\"noreferrer noopener\"><\/a> <br>Tel.: 06591\/3283<\/td><td>Raderstr. 1<\/td><td>54568 Gerolstein<\/td><\/tr><tr><td><strong>&nbsp;<\/strong><\/td><td>&nbsp;<\/td><td>&nbsp;<\/td><td>&nbsp;<\/td><\/tr><tr><td><strong>Sonntag,<\/strong> <br><strong>19.04.26<\/strong><\/td><td>Linden-Apotheke <br>Tel.: 06591\/985260<\/td><td>Hauptstr. 14<\/td><td>54568 Gerolstein<\/td><\/tr><tr><td><strong>&nbsp;<\/strong><\/td><td>Marien-Apotheke <br>Tel.: 06522\/93090<\/td><td>Enztalstr. 17 &nbsp;<\/td><td>54675 Mettendorf<\/td><\/tr><tr><td><strong>Montag,<\/strong> <br><strong>20.04.26<\/strong><\/td><td>Flora-Apotheke <br>Tel.: 06561\/3142<\/td><td>Hauptstr. 18&nbsp;<\/td><td>54634 Bitburg<\/td><\/tr><tr><td><strong>&nbsp;<\/strong><\/td><td>Marien-Apotheke <br>Tel.: 06597\/2270<\/td><td>K\u00f6lner Stra\u00dfe 48<\/td><td>54584 J\u00fcnkerath<\/td><\/tr><tr><td><strong>Dienstag,<\/strong> <br><strong>21.04.26<\/strong><\/td><td>L\u00f6wen-Apotheke <br>Tel.: 06593\/217<\/td><td>Wallstr. 14<\/td><td>54576 Hillesheim<\/td><\/tr><tr><td><strong>&nbsp;<\/strong><\/td><td>Sonnen- Apotheke <br>Tel.: 06563\/963496<\/td><td>Bitburger Str. 31<\/td><td>54657 Badem<\/td><\/tr><tr><td><strong>Mittwoch,<\/strong> <br><strong>22.04.26<\/strong><\/td><td>Schloss-Apotheke<a href=\"http:\/\/maps.google.de\/maps?q=Schloss-Apotheke%2C%20Poststr.%203%2C%2054673%20Neuerburg\" target=\"_blank\" rel=\"noreferrer noopener\"><\/a> <br>Tel.: 06564\/2198<\/td><td>Poststr. 3<\/td><td>54673 Neuerburg<\/td><\/tr><tr><td><strong>&nbsp;<\/strong><\/td><td>Marien-Apotheke <br>Tel.: 06592\/2419<\/td><td>Abt Richard Str. 1<\/td><td>54550 Daun &nbsp;<\/td><\/tr><tr><td><strong>Donnerstag,<\/strong> <br><strong>23.04.26<\/strong><\/td><td>Apotheke im Islek <br>Tel.: 06550\/9298727<\/td><td>Rote-Kreuz-Str. 5<\/td><td>54687 Arzfeld<\/td><\/tr><tr><td><strong>&nbsp;<\/strong><\/td><td>St.Maximin- Apotheke <br>Tel.: 06561\/96950<\/td><td>Trierer Str. 16&nbsp;&nbsp;&nbsp;&nbsp;&nbsp;&nbsp;&nbsp;&nbsp;&nbsp;&nbsp;&nbsp;<\/td><td>54634 Bitburg<\/td><\/tr><tr><td><strong>Freitag,<\/strong> <br><strong>24.04.26<\/strong><\/td><td>Liebfrauen- Apotheke <br>Tel.: 06561\/8577<\/td><td>Brodenheckstr. 9a&nbsp;&nbsp;<\/td><td>54634 Bitburg<\/td><\/tr><tr><td><strong>&nbsp;<\/strong><\/td><td>Marien-Apotheke<a href=\"http:\/\/maps.google.de\/maps?q=Marien-Apotheke%2C%20Hauptstr.%2025%2C%2054589%20Stadtkyll\" target=\"_blank\" rel=\"noreferrer noopener\"><\/a> <br>Tel.: 06597\/2319<\/td><td>Hauptstr. 25<\/td><td>54589 Stadtkyll<\/td><\/tr><tr><td><strong>Samstag,<\/strong> <br><strong>25.04.26<\/strong><\/td><td>Hubertus- Apotheke&nbsp;&nbsp; <br>Tel.: 06591\/95450<\/td><td>Kasselburger Weg 3&nbsp;&nbsp;&nbsp;&nbsp;&nbsp;&nbsp;&nbsp;&nbsp;&nbsp;&nbsp;&nbsp;<\/td><td>54568 Gerolstein<\/td><\/tr><tr><td><strong>&nbsp;<\/strong><\/td><td>BEDA-Apotheke <br>Tel.: 06561\/683644<\/td><td>Saarstr. 33&nbsp;&nbsp;&nbsp;&nbsp;<\/td><td>54634 Bitburg<\/td><\/tr><\/tbody><\/table><\/figure>\n\n\n\n<figure class=\"wp-block-table\"><table><tbody><tr><td><strong>Sonntag,<\/strong> <br><strong>26.04.26<\/strong><\/td><td>Adler-Apotheke<a href=\"http:\/\/maps.google.de\/maps?q=Adler-Apotheke%2C%20Hahnstr.%203%2C%2054595%20Pr%C3%BCm\" target=\"_blank\" rel=\"noreferrer noopener\"><\/a> <br>Tel.: 06551\/2300<\/td><td>Hahnstr. 3<\/td><td>54595 Pr\u00fcm<\/td><\/tr><tr><td><strong>&nbsp;<\/strong><\/td><td>&nbsp;<\/td><td>&nbsp;<\/td><td>&nbsp;<\/td><\/tr><tr><td><strong>Montag,<\/strong> <br><strong>27.04.26<\/strong><\/td><td>Schloss-Apotheke<a href=\"http:\/\/maps.google.de\/maps?q=Schloss-Apotheke%2C%20Raderstr.%201%2C%2054568%20Gerolstein\" target=\"_blank\" rel=\"noreferrer noopener\"><\/a> <br>Tel.: 06591\/3283<\/td><td>Raderstr. 1<\/td><td>54568 Gerolstein<\/td><\/tr><tr><td>&nbsp;<\/td><td>Marien-Apotheke <br>Tel.: 06522\/93090<\/td><td>Enztalstr. 17 &nbsp;<\/td><td>54675 Mettendorf<\/td><\/tr><tr><td><strong>Dienstag,<\/strong> <br><strong>28.04.26<\/strong><\/td><td>Linden-Apotheke <br>Tel.: 06591\/985260<\/td><td>Hauptstr. 14<\/td><td>54568 Gerolstein<\/td><\/tr><tr><td>&nbsp;<\/td><td>Eifel-Apotheke <br>Tel.: 06561\/5311<\/td><td>Denkmalstr. 2<\/td><td>54634 Bitburg<\/td><\/tr><tr><td><strong>Mittwoch,<\/strong><br><strong>29.04.26<\/strong><\/td><td>Einhorn-Apotheke&nbsp;&nbsp;&nbsp; <br>Tel.: 06554\/93040<\/td><td>Hauptstr. 22&nbsp;&nbsp;&nbsp;&nbsp;&nbsp;&nbsp;&nbsp;&nbsp;&nbsp;&nbsp;&nbsp;&nbsp;&nbsp;<\/td><td>54649 Waxweiler<\/td><\/tr><tr><td><strong>&nbsp;<\/strong><\/td><td>L\u00f6wen-Apotheke <br>Tel.: 06561\/946964<\/td><td>Brodenheckstr. 24&nbsp;&nbsp; &nbsp;&nbsp;&nbsp;&nbsp;&nbsp;&nbsp;&nbsp;&nbsp;&nbsp;&nbsp;&nbsp;<\/td><td>54634 Bitburg<\/td><\/tr><tr><td><strong>Donnerstag,<\/strong> <br><strong>30.04.26<\/strong><\/td><td>Apotheke Bleialf<a href=\"http:\/\/maps.google.de\/maps?q=Apotheke%20Bleialf%2C%20Auwerstr.%2010%2C%2054608%20Bleialf\" target=\"_blank\" rel=\"noreferrer noopener\"><\/a> <br>Tel.: 06555\/236<\/td><td>Auwerstr. 10<\/td><td>54608 Bleialf<\/td><\/tr><tr><td><strong>&nbsp;<\/strong><\/td><td>Eifel-Apotheke <br>Tel.: 06592\/7575<\/td><td>Trierer Str. 15<\/td><td>54550 Daun<\/td><\/tr><tr><td><strong>Freitag,<\/strong> <br><strong>01.05.26<\/strong> <br><strong>Tag der Arbeit<\/strong><\/td><td>St.Maximin- Apotheke <br>Tel.: 06561\/96950<\/td><td>Trierer Str. 16&nbsp;&nbsp;&nbsp;&nbsp;&nbsp;&nbsp;&nbsp;&nbsp;&nbsp;&nbsp;&nbsp;<\/td><td>54634 Bitburg<\/td><\/tr><tr><td><strong>&nbsp;<\/strong><\/td><td>L\u00f6wen-Apotheke <br>Tel.: 06593\/217<\/td><td>Wallstr. 14<\/td><td>54576 Hillesheim<\/td><\/tr><\/tbody><\/table><\/figure>\n\n\n\n<figure class=\"wp-block-table\"><table><tbody><tr><td><strong>Sonntag,<\/strong> <br><strong>02.05.26<\/strong><\/td><td><strong>&nbsp;<\/strong> <strong>D i e n s t b e r e i t!<\/strong><\/td><td colspan=\"2\"><strong>B i t t e\u00a0\u00a0 k l i n g e l n<\/strong> <br><strong>(od. Telefon-Nr. 06553\/961033)<\/strong><\/td><\/tr><tr><td><strong>&nbsp;<\/strong><\/td><td>&nbsp;<\/td><td>&nbsp;<\/td><td>&nbsp;<\/td><\/tr><tr><td><strong>Montag,<\/strong> <br><strong>03.05.26<\/strong><\/td><td>Flora-Apotheke <br>Tel.: 06561\/3142<\/td><td>Hauptstr. 18&nbsp;<\/td><td>54634 Bitburg<\/td><\/tr><tr><td><strong>&nbsp;<\/strong><\/td><td>Marien-Apotheke<a href=\"http:\/\/maps.google.de\/maps?q=Marien-Apotheke%2C%20Hauptstr.%2025%2C%2054589%20Stadtkyll\" target=\"_blank\" rel=\"noreferrer noopener\"><\/a> <br>Tel.: 06597\/2319<\/td><td>Hauptstr. 25<\/td><td>54589 Stadtkyll<\/td><\/tr><tr><td><strong>Dienstag,<\/strong> <br><strong>04.05.26<\/strong><\/td><td>Hubertus- Apotheke \u00a0\u00a0 <br>Tel.: 06591\/95450<\/td><td>Kasselburger Weg 3&nbsp;&nbsp;&nbsp;&nbsp;&nbsp;&nbsp;&nbsp;&nbsp;&nbsp;&nbsp;&nbsp;<\/td><td>54568 Gerolstein<\/td><\/tr><tr><td><strong>&nbsp;<\/strong><\/td><td>BEDA-Apotheke <br>Tel.: 06561\/683644<\/td><td>Saarstr. 33&nbsp;&nbsp;&nbsp;&nbsp;<\/td><td>54634 Bitburg<\/td><\/tr><tr><td><strong>Mittwoch,<\/strong> <br><strong>05.05.26<\/strong><\/td><td>Adler-Apotheke<a href=\"http:\/\/maps.google.de\/maps?q=Adler-Apotheke%2C%20Hahnstr.%203%2C%2054595%20Pr%C3%BCm\" target=\"_blank\" rel=\"noreferrer noopener\"><\/a> <br>Tel.: 06551\/2300<\/td><td>Hahnstr. 3<\/td><td>54595 Pr\u00fcm<\/td><\/tr><tr><td><strong>&nbsp;<\/strong><\/td><td>Liebfrauen- Apotheke <br>Tel.: 06561\/8577<\/td><td>Brodenheckstr. 9a&nbsp;&nbsp;<\/td><td>54634 Bitburg<\/td><\/tr><tr><td><strong>Donnerstag,<\/strong> <br><strong>06.05.26<\/strong><\/td><td>Apotheke am Teichplatz <br>Tel.: 06551\/7475<\/td><td>Teichplatz 8<\/td><td>54595 Pr\u00fcm<\/td><\/tr><tr><td><strong>&nbsp;<\/strong><\/td><td>Sonnen- Apotheke <br>Tel.: 06563\/963496<\/td><td>Bitburger Str. 31<\/td><td>54657 Badem<\/td><\/tr><tr><td><strong>Freitag,<\/strong> <br><strong>07.05.26<\/strong><\/td><td>Marien-Apotheke <br>Tel.: 06597\/2270<\/td><td>K\u00f6lner Stra\u00dfe 48<\/td><td>54584 J\u00fcnkerath<\/td><\/tr><tr><td><strong>&nbsp;<\/strong><\/td><td>Erlen-Apotheke<a href=\"https:\/\/www.google.com\/maps\/dir\/?api=1&amp;destination=Erlen-Apotheke%2C%20Hauptstr.%2011%2C%2054666%20Irrel\" target=\"_blank\" rel=\"noreferrer noopener\"><\/a> <br>Tel.: 06525\/7710<\/td><td>Hauptstr. 11<\/td><td>54666 Irrel &nbsp;<\/td><\/tr><tr><td><strong>Samstag,<\/strong> <br><strong>08.05.26<\/strong><\/td><td>L\u00f6wen-Apotheke <br>Tel.: 06593\/217<\/td><td>Wallstr. 14<\/td><td>54576 Hillesheim<\/td><\/tr><tr><td><strong>&nbsp;<\/strong><\/td><td>Eifel-Apotheke <br>Tel.: 06592\/7575<\/td><td>Trierer Str. 15<\/td><td>54550 Daun<\/td><\/tr><\/tbody><\/table><\/figure>\n\n\n\n<p><a href=\"https:\/\/burg-apo.net\/wp-admin\/post.php?post=11&amp;action=edit\">Bearbeiten<\/a><\/p>\n","protected":false},"excerpt":{"rendered":"<p>Notdienstplan Andere diensthabende Apotheken finden Sie unter&nbsp;http:\/\/lak-rlp.notdienstportal.de (Rheinland-Pfalz) und http:\/\/www.aknr.de\/notdienst (NRW) Die Rufnummern der regionalen \u00e4rztlichen Bereitschaftsdienste finden Sie hier., die \u00d6ffnungszeiten der umliegenden Bereitschaftsdienstzentralen hier. Den zahn\u00e4rztlichen Notfalldienst finden Sie hier. Samstag, 18.04.26 Schloss-Apotheke Tel.: 06591\/3283 Raderstr. 1 54568 Gerolstein &nbsp; &nbsp; &nbsp; &nbsp; Sonntag, 19.04.26 Linden-Apotheke Tel.: 06591\/985260 Hauptstr. 14 54568 Gerolstein &nbsp; &hellip; <\/p>\n<p class=\"link-more\"><a href=\"https:\/\/burg-apo.net\/?page_id=11\" class=\"more-link\"><span class=\"screen-reader-text\">\u201eNotdienst:\u201c<\/span> weiterlesen<\/a><\/p>\n","protected":false},"author":1,"featured_media":0,"parent":0,"menu_order":3,"comment_status":"closed","ping_status":"closed","template":"","meta":{"footnotes":"[]"},"_links":{"self":[{"href":"https:\/\/burg-apo.net\/index.php?rest_route=\/wp\/v2\/pages\/11"}],"collection":[{"href":"https:\/\/burg-apo.net\/index.php?rest_route=\/wp\/v2\/pages"}],"about":[{"href":"https:\/\/burg-apo.net\/index.php?rest_route=\/wp\/v2\/types\/page"}],"author":[{"embeddable":true,"href":"https:\/\/burg-apo.net\/index.php?rest_route=\/wp\/v2\/users\/1"}],"replies":[{"embeddable":true,"href":"https:\/\/burg-apo.net\/index.php?rest_route=%2Fwp%2Fv2%2Fcomments&post=11"}],"version-history":[{"count":898,"href":"https:\/\/burg-apo.net\/index.php?rest_route=\/wp\/v2\/pages\/11\/revisions"}],"predecessor-version":[{"id":1865,"href":"https:\/\/burg-apo.net\/index.php?rest_route=\/wp\/v2\/pages\/11\/revisions\/1865"}],"wp:attachment":[{"href":"https:\/\/burg-apo.net\/index.php?rest_route=%2Fwp%2Fv2%2Fmedia&parent=11"}],"curies":[{"name":"wp","href":"https:\/\/api.w.org\/{rel}","templated":true}]}}