{"id":14,"date":"2013-02-05T20:19:01","date_gmt":"2013-02-05T21:19:01","guid":{"rendered":"http:\/\/burg-apo.net\/?page_id=14"},"modified":"2026-02-11T08:06:47","modified_gmt":"2026-02-11T09:06:47","slug":"aktuelles","status":"publish","type":"page","link":"https:\/\/burg-apo.net\/?page_id=14","title":{"rendered":"Aktuelles:"},"content":{"rendered":"\n<h2 class=\"wp-block-heading\"><\/h2>\n\n\n\n<p><\/p>\n\n\n\n<p><\/p>\n\n\n\n<h2 class=\"wp-block-heading has-text-align-center has-black-color has-pale-cyan-blue-background-color has-text-color has-background has-link-color wp-elements-ae645935091cc7aa68ad7137a98e1410\">Liebe (zuk\u00fcnftige) Kolleg(inn)en,<\/h2>\n\n\n\n<p>aktuell suchen wir pharmazeutisch ausgebildete Verst\u00e4rkung f\u00fcr unser Team und freuen uns eine\/n PhiP oder angehende\/n PTA im Praktikum zu unterst\u00fctzen. <\/p>\n\n\n\n<p>Melden Sie sich bei Interesse gerne telefonisch (06553\/961033) oder per E-Mail (info(at)burg-apo.net).<\/p>\n\n\n\n<p><\/p>\n\n\n\n<p><\/p>\n\n\n\n<h3 class=\"wp-block-heading has-text-align-center has-black-color has-pale-cyan-blue-background-color has-text-color has-background\">Liebe Kunden,<\/h3>\n\n\n\n<p>wie Sie vielleicht schon wissen, machen zunehmende Lieferenp\u00e4sse die Medikamentenversorgung in Deutschland zur Zeit schwierig. Insbesondere Antibiotika f\u00fcr Kinder, aber auch viele Arzneimittel anderer Sparten sind nicht immer in ausreichender Menge verf\u00fcgbar. <\/p>\n\n\n\n<p>Diese Situation ist f\u00fcr uns und Sie h\u00e4ufig mit vielen Gespr\u00e4chen, Telefonaten und gelegentlich auch \u00c4rger verbunden. Nicht selten findet sich aber (ggf. nach Absprache mit Ihrem Arzt) eine gute und tragbare L\u00f6sung. Sollte das einmal nicht der Fall sein, k\u00f6nnen Sie sicher sein, dass wir deshalb ebenso frustriert, ungl\u00fccklich und manchmal eben auch hilflos sind wie Sie. <\/p>\n\n\n\n<p> Achten Sie daher bei wichtigen Dauermedikamente auf etwas Verlauf (ca. 1-2 Wochen), dann lassen sich viele Probleme leichter l\u00f6sen. Bei akuten (Kinder-)Medikamenten rufen Sie gerne vorher an, um zu fragen, ob wir das Mittel vorr\u00e4tig haben. Beachten Sie dabei bitte, dass wir gerade die knappesten Medikamente nicht telefonisch reservieren k\u00f6nnen, da gesetzlich der Patient, der vor uns steht, Vorrang hat. Weitere Informationen zu Hintergr\u00fcnden und Ursachen<a href=\"https:\/\/www.noweda.de\/unternehmen\/noweda-now\/detail\/dr-michael-kuck-im-stern-interview\"> dieser Link<\/a>. Hinweise zur Nutzung unseres Bestellportals (auch zur \u00dcbermittlung von Rezepten!) <a href=\"https:\/\/ihreapotheken.de\/themenuebersicht\/lieferengpass\">hier<\/a>.<\/p>\n\n\n\n<p><\/p>\n\n\n\n<p><\/p>\n","protected":false},"excerpt":{"rendered":"<p>Liebe (zuk\u00fcnftige) Kolleg(inn)en, aktuell suchen wir pharmazeutisch ausgebildete Verst\u00e4rkung f\u00fcr unser Team und freuen uns eine\/n PhiP oder angehende\/n PTA im Praktikum zu unterst\u00fctzen. Melden Sie sich bei Interesse gerne telefonisch (06553\/961033) oder per E-Mail (info(at)burg-apo.net). Liebe Kunden, wie Sie vielleicht schon wissen, machen zunehmende Lieferenp\u00e4sse die Medikamentenversorgung in Deutschland zur Zeit schwierig. Insbesondere Antibiotika &hellip; <\/p>\n<p class=\"link-more\"><a href=\"https:\/\/burg-apo.net\/?page_id=14\" class=\"more-link\"><span class=\"screen-reader-text\">\u201eAktuelles:\u201c<\/span> weiterlesen<\/a><\/p>\n","protected":false},"author":1,"featured_media":0,"parent":0,"menu_order":2,"comment_status":"closed","ping_status":"closed","template":"","meta":{"footnotes":""},"_links":{"self":[{"href":"https:\/\/burg-apo.net\/index.php?rest_route=\/wp\/v2\/pages\/14"}],"collection":[{"href":"https:\/\/burg-apo.net\/index.php?rest_route=\/wp\/v2\/pages"}],"about":[{"href":"https:\/\/burg-apo.net\/index.php?rest_route=\/wp\/v2\/types\/page"}],"author":[{"embeddable":true,"href":"https:\/\/burg-apo.net\/index.php?rest_route=\/wp\/v2\/users\/1"}],"replies":[{"embeddable":true,"href":"https:\/\/burg-apo.net\/index.php?rest_route=%2Fwp%2Fv2%2Fcomments&post=14"}],"version-history":[{"count":46,"href":"https:\/\/burg-apo.net\/index.php?rest_route=\/wp\/v2\/pages\/14\/revisions"}],"predecessor-version":[{"id":1845,"href":"https:\/\/burg-apo.net\/index.php?rest_route=\/wp\/v2\/pages\/14\/revisions\/1845"}],"wp:attachment":[{"href":"https:\/\/burg-apo.net\/index.php?rest_route=%2Fwp%2Fv2%2Fmedia&parent=14"}],"curies":[{"name":"wp","href":"https:\/\/api.w.org\/{rel}","templated":true}]}}