{"id":20,"date":"2013-02-05T20:20:47","date_gmt":"2013-02-05T21:20:47","guid":{"rendered":"http:\/\/burg-apo.net\/?page_id=20"},"modified":"2023-01-15T13:40:50","modified_gmt":"2023-01-15T14:40:50","slug":"service","status":"publish","type":"page","link":"https:\/\/burg-apo.net\/?page_id=20","title":{"rendered":"Service:"},"content":{"rendered":"<p><span style=\"font-size: 14px;\"><span style=\"text-decoration: underline;\"><strong>Unsere Dienstleistungen:<\/strong><\/span><\/span><\/p>\n<p><u>Medikamentenvorbestellung per Telefon, Fax, E-Mail und <a href=\"https:\/\/ihreapotheken.de\/apotheke\/burg-apotheke-sch%C3%B6necken-54614-22989\">ia.de<\/a>:<\/u><\/p>\n<p>Egal, ob klassisch telefonisch oder per Fax, per E-Mail oder \u00fcber unsere Shop-L\u00f6sung: Bestellen Sie Ihre Medikamente und andere Artikel einfach vor. Nach Bedarf und M\u00f6glichkeit k\u00f6nnen Sie Ihren Einkauf abholen oder wir liefern ihn aus.<\/p>\n<p>Wichtig: Hinterlassen Sie uns eine Kontaktm\u00f6glichkeit f\u00fcr R\u00fcckfragen!<\/p>\n<p><u>Beratung zu Medikamenten und Hilfsmitteln, Inkontinenzberatung:<\/u><\/p>\n<p>F\u00fcr Ihre Fragen nehmen wir uns immer gerne Zeit. Bei Bedarf auch ganz ruhig und diskret in unserem Beratungsraum.<\/p>\n<p><span style=\"text-decoration: underline;\">Beschaffung von Arzneimitteln und Kosmetik:<\/span><\/p>\n<p>Sollte Ihr Medikament nicht vorr\u00e4tig sein, bestellen wir es f\u00fcr Sie. In der Regel liegt es dann innerhalb eines halben Tages f\u00fcr Sie bereit.<br \/>\nApotheken-Kosmetik vieler Marken ist ebenso schnell verf\u00fcgbar.<\/p>\n<p><span style=\"text-decoration: underline;\">Botendienst:<\/span><\/p>\n<p>Wenn Sie Ihre Bestellung ausnahmsweise nicht selbst abholen k\u00f6nnen, fragen Sie nach unserem Botendienst.<\/p>\n<p><span style=\"text-decoration: underline;\">Anmessen von Kompressionsstr\u00fcmpfen:<\/span><\/p>\n<p>Kompressionstr\u00fcmpfe und Bandagen messen wir individuell passend f\u00fcr Sie an.<\/p>\n<p><u>\u00dcberpr\u00fcfung der Haus- und Reiseapotheke &amp; Entsorgung von Altmedikamenten<\/u><\/p>\n<p>Wir sehen mit Ihnen zusammen Ihre Haus- oder Reiseapotheke durch und schauen was noch gebraucht wird, was erneuert werden muss und was entsorgt werden kann.<\/p>\n<p>Die Entsorgung von bei uns gekauften Medikamenten \u00fcbernehmen wir nat\u00fcrlich auch f\u00fcr Sie. (Zur Altarzneimittelentsorgung im Eifelkreis siehe <a href=\"http:\/\/www.art-trier.de\/eo\/cms?_bereich=artikel&amp;_aktion=detail&amp;idartikel=227591\">hier<\/a>.)<\/p>\n<p><span style=\"text-decoration: underline;\">Hom\u00f6opathie und Phytotherapie:<\/span><\/p>\n<p>Nat\u00fcrlich beraten wir Sie auch zu alternativen Behandlungsmethoden.<\/p>\n<p>Neben vielen hom\u00f6opathischen Mitteln haben wir mehr als 20 lose Teesorten an Lager um Ihnen Ihre individuelle Mischung herzustellen.<\/p>\n<p><span style=\"text-decoration: underline;\">Im Verleih:<\/span><\/p>\n<p>\u2022 Babywaagen<br \/>\n\u2022 Pari-Inhalationsger\u00e4te<br \/>\n\u2022 Milchpumpen der Firma Medela<\/p>\n","protected":false},"excerpt":{"rendered":"<p>Unsere Dienstleistungen: Medikamentenvorbestellung per Telefon, Fax, E-Mail und ia.de: Egal, ob klassisch telefonisch oder per Fax, per E-Mail oder \u00fcber unsere Shop-L\u00f6sung: Bestellen Sie Ihre Medikamente und andere Artikel einfach vor. Nach Bedarf und M\u00f6glichkeit k\u00f6nnen Sie Ihren Einkauf abholen oder wir liefern ihn aus. Wichtig: Hinterlassen Sie uns eine Kontaktm\u00f6glichkeit f\u00fcr R\u00fcckfragen! Beratung zu &hellip; <\/p>\n<p class=\"link-more\"><a href=\"https:\/\/burg-apo.net\/?page_id=20\" class=\"more-link\"><span class=\"screen-reader-text\">\u201eService:\u201c<\/span> weiterlesen<\/a><\/p>\n","protected":false},"author":1,"featured_media":0,"parent":0,"menu_order":4,"comment_status":"closed","ping_status":"closed","template":"","meta":{"footnotes":""},"_links":{"self":[{"href":"https:\/\/burg-apo.net\/index.php?rest_route=\/wp\/v2\/pages\/20"}],"collection":[{"href":"https:\/\/burg-apo.net\/index.php?rest_route=\/wp\/v2\/pages"}],"about":[{"href":"https:\/\/burg-apo.net\/index.php?rest_route=\/wp\/v2\/types\/page"}],"author":[{"embeddable":true,"href":"https:\/\/burg-apo.net\/index.php?rest_route=\/wp\/v2\/users\/1"}],"replies":[{"embeddable":true,"href":"https:\/\/burg-apo.net\/index.php?rest_route=%2Fwp%2Fv2%2Fcomments&post=20"}],"version-history":[{"count":18,"href":"https:\/\/burg-apo.net\/index.php?rest_route=\/wp\/v2\/pages\/20\/revisions"}],"predecessor-version":[{"id":1382,"href":"https:\/\/burg-apo.net\/index.php?rest_route=\/wp\/v2\/pages\/20\/revisions\/1382"}],"wp:attachment":[{"href":"https:\/\/burg-apo.net\/index.php?rest_route=%2Fwp%2Fv2%2Fmedia&parent=20"}],"curies":[{"name":"wp","href":"https:\/\/api.w.org\/{rel}","templated":true}]}}