{"id":697,"date":"2018-05-17T18:18:05","date_gmt":"2018-05-17T19:18:05","guid":{"rendered":"http:\/\/burg-apo.net\/?page_id=697"},"modified":"2024-01-17T12:08:12","modified_gmt":"2024-01-17T13:08:12","slug":"datenschutzerklarung","status":"publish","type":"page","link":"https:\/\/burg-apo.net\/?page_id=697","title":{"rendered":"Datenschutzerkl\u00e4rung\/\/\/Langfassungen der pDL-Vereinbarungen"},"content":{"rendered":"<h2 align=\"center\"><strong><u>Datenschutzerkl\u00e4rung nach Datenschutz-Grundverordnung (DSGVO)<\/u><\/strong><\/h2>\n<p><strong>I.<\/strong> Der <strong>Verantwortliche <\/strong>im Sinne der Datenschutz-Grundverordnung und anderer nationaler Datenschutzgesetze der Mitgliedsstaaten sowie sonstiger datenschutzrechtlicher Bestimmungen ist:<\/p>\n<p>Apotheke:\u00a0\u00a0\u00a0\u00a0\u00a0\u00a0 Burg-Apotheke<\/p>\n<p>Inhaber:\u00a0\u00a0\u00a0\u00a0\u00a0\u00a0\u00a0\u00a0\u00a0 Stefanie P\u00fctz<\/p>\n<p>Adresse:\u00a0\u00a0\u00a0\u00a0\u00a0\u00a0\u00a0\u00a0 Alter Markt 9\u00a0\u00a0\u00a0\u00a0\u00a0\u00a0\u00a0\u00a0\u00a0\u00a0\u00a0\u00a0\u00a0<\/p>\n<p>\u00a0\u00a0\u00a0\u00a0\u00a0\u00a0\u00a0\u00a0\u00a0\u00a0\u00a0\u00a0\u00a0\u00a0\u00a0\u00a0\u00a0\u00a0\u00a0\u00a0\u00a0 54614 Sch\u00f6necken<\/p>\n<p>Telefon:\u00a0\u00a0\u00a0\u00a0\u00a0\u00a0\u00a0\u00a0\u00a0 06553\/961033<\/p>\n<p>Fax:\u00a0\u00a0\u00a0\u00a0\u00a0\u00a0\u00a0\u00a0\u00a0\u00a0\u00a0\u00a0\u00a0\u00a0 06553\/961034<\/p>\n<p>E-Mail:\u00a0\u00a0\u00a0\u00a0\u00a0\u00a0\u00a0\u00a0\u00a0\u00a0 info@burg-apo.net<\/p>\n<p>Homepage:\u00a0\u00a0\u00a0\u00a0 <a href=\"http:\/\/www.burg-apo.net\/\">www.burg-apo.net<\/a><\/p>\n<p>Gegebenenfalls:<\/p>\n<p><strong>II. Allgemeines zur Datenverarbeitung<\/strong><\/p>\n<p><strong>1. Umfang der Verarbeitung personenbezogener Daten<\/strong><\/p>\n<p>Wir erheben und verwenden personenbezogene Daten unserer Nutzer grunds\u00e4tzlich nur, soweit diese zur Bereitstellung einer funktionsf\u00e4higen Website sowie unserer Inhalte und Leistungen erforderlich sind. Die Erhebung und Verwendung personenbezogener Daten unserer Nutzer erfolgt regelm\u00e4\u00dfig nur nach Einwilligung des Nutzers. Eine Ausnahme gilt in solchen\u00a0F\u00e4llen, in denen eine vorherige Einholung einer Einwilligung aus tats\u00e4chlichen Gr\u00fcnden nicht m\u00f6glich ist und die Verarbeitung der Daten durch gesetzliche Vorschriften gestattet ist.<\/p>\n<p><strong>2. Rechtsgrundlage f\u00fcr die Verarbeitung personenbezogener Daten<\/strong><\/p>\n<p>Soweit wir f\u00fcr Verarbeitungsvorg\u00e4nge personenbezogener Daten eine Einwilligung der betroffenen Person einholen, dient Art. 6 Abs. 1 lit a EU-Datenschutzgrundverordnung (DSGVO) als Rechtsgrundlage.<\/p>\n<p>Bei der Verarbeitung von personenbezogenen Daten, die zur Erf\u00fcllung eines Vertrages, dessen Vertragspartei die betroffene Person ist, erforderlich ist, dient Art. 6 Abs. 1 lit. b DSGVO als Rechtsgrundlage.<\/p>\n<p>F\u00fcr den Fall, dass lebenswichtige Interessen der betroffenen Person oder einer anderen nat\u00fcrlichen Person eine Verarbeitung personenbezogener Daten erforderlich machen, dient Art. 6 Abs. 1 lit d DSGVO als Rechtsgrundlage.<\/p>\n<p>Ist die Verarbeitung zur Wahrung eines berechtigten Interesses unsere Apotheke oder eines Dritten erforderlich und \u00fcberwiegen die Interessen, Grundrechte und Grundfreiheiten des Betroffenen das erstgenannte Interesse nicht, so dient Art. 6 Abs. 1 lit. f DSGVO als Rechtsgrundlage f\u00fcr die Verarbeitung.\u00a0<\/p>\n<p><strong>3. Datenl\u00f6schung und Speicherdauer<\/strong><\/p>\n<p>Die personenbezogenen Daten der betroffenen Person werden gel\u00f6scht oder gesperrt, sobald der Zweck der Speicherung entf\u00e4llt. Eine Speicherung kann dar\u00fcber hinaus erfolgen, wenn dies durch den europ\u00e4ischen oder nationalen Gesetzgeber in unionsrechtlichen Verordnungen, Gesetzen oder sonstigen Vorschriften, denen der Verantwortliche (I.) unterliegt, vorgesehen wurde. Eine Sperrung oder L\u00f6schung der Daten erfolgt auch dann, wenn eine durch die genannten Normen vorgeschriebene Speicherfrist abl\u00e4uft, es sei denn, dass eine Erforderlichkeit zur weiteren Speicherung der Daten f\u00fcr einen Vertragsschluss oder eine Vertragserf\u00fcllung besteht.\u00a0<\/p>\n<p><strong>III. Bereitstellung der Website und Erstellung von Logfiles<\/strong>\u00a0<\/p>\n<p><strong>1. Beschreibung und Umfang der Datenverarbeitung<\/strong><\/p>\n<p>Bei jedem Aufruf unserer Internetseite erfasst unser System automatisiert Daten und Informationen vom Computersystem des aufrufenden Rechners. Folgende Daten werden hierbei erhoben:<\/p>\n<p>(1) Informationen \u00fcber den Browsertyp und die verwendete Version<\/p>\n<p>(2) Informationen \u00fcber das Betriebssystem des Nutzers<\/p>\n<p>(3) Informationen \u00fcber den Internet-Service-Provider des Nutzers<\/p>\n<p>(4) Informationen \u00fcber die IP-Adresse des Nutzers<\/p>\n<p>(5) Datum und Uhrzeit des Zugriffs<\/p>\n<p>(6) Websites, von denen das System des Nutzers auf unsere Internetseite gelangt<\/p>\n<p>(7) Websites, die vom System des Nutzers \u00fcber unsere Website aufgerufen werden\u00a0<\/p>\n<p>Die Logfiles (Protokolldateien) enthalten IP-Adressen oder sonstige Daten, die eine Zuordnung zu einem Nutzer erm\u00f6glichen. Dies kann beispielsweise der Fall sein, wenn der Link einer Website, von der der Nutzer auf die Internetseite gelangt, oder der Link zur Website, zu der der Nutzer wechselt, personenbezogene Daten enth\u00e4lt.\u00a0<\/p>\n<p>Die Daten werden in den Logfiles unseres Systems gespeichert. Eine Speicherung dieser Daten zusammen mit anderen personenbezogenen Daten des Nutzers findet nicht statt.<\/p>\n<p><strong>2. Rechtsgrundlage f\u00fcr die Datenverarbeitung<\/strong><\/p>\n<p>Rechtsgrundlage f\u00fcr die vor\u00fcbergehende Speicherung der Daten und der Logfiles ist Art. 6 Abs. 1 lit. f DSGVO.<\/p>\n<p><strong>3. Zweck der Datenverarbeitung<\/strong><\/p>\n<p>Die vor\u00fcbergehende Speicherung der IP-Adresse durch das System ist notwendig, um eine Auslieferung der Website an den Rechner des Nutzers zu erm\u00f6glichen. Hierf\u00fcr muss die<br \/>IP-Adresse des Nutzers f\u00fcr die Dauer der Sitzung gespeichert bleiben.<\/p>\n<p>Die Speicherung in Logfiles erfolgt, um die Funktionsf\u00e4higkeit der Website sicherzustellen. Zudem dienen die Daten zur Optimierung der Website und zur Sicherstellung der Sicherheit unserer informationstechnischen Systeme. Eine Auswertung der Daten zu Marketingzwecken findet in diesem Zusammenhang nicht statt.<\/p>\n<p>In diesen Zwecken liegt auch unser berechtigtes Interesse an der Datenverarbeitung nach<br \/>Art. 6 Abs. 1 lit. f DSGVO.<\/p>\n<p><strong>4. Dauer der Speicherung<\/strong><\/p>\n<p>Die Daten werden gel\u00f6scht, sobald sie f\u00fcr die Erreichung des Zweckes ihrer Erhebung nicht mehr erforderlich sind. Im Falle der Erfassung der Daten zur Bereitstellung der Website ist dies der Fall, wenn die jeweilige Sitzung beendet ist.\u00a0<\/p>\n<p>Im Falle der Speicherung der Daten in Logfiles ist dies nach sp\u00e4testens sieben Tagen der Fall. Eine dar\u00fcber hinaus gehende Speicherung ist m\u00f6glich. In diesem Fall werden die IP-Adressen der Nutzer gel\u00f6scht oder verfremdet, so dass eine Zuordnung des aufrufenden Clients nicht mehr m\u00f6glich ist.<\/p>\n<p><strong>5. Widerspruchs- und Beseitigungsm\u00f6glichkeit<\/strong><\/p>\n<p>Die Erfassung der Daten zur Bereitstellung der Website und die Speicherung der Daten in Logfiles ist f\u00fcr den Betrieb der Internetseite zwingend erforderlich. Es besteht folglich seitens des Nutzers keine Widerspruchsm\u00f6glichkeit.<\/p>\n<p><strong>IV. Verwendung von Cookies<\/strong><\/p>\n<p><strong>1. Beschreibung und Umfang der Datenverarbeitung<\/strong><\/p>\n<p>Unsere Website verwendet Cookies. Bei Cookies handelt es sich um Textdateien, die im Internetbrowser bzw. vom Internetbrowser auf dem Computersystem des Nutzers gespeichert werden. Ruft ein Nutzer eine Website auf, so kann ein Cookie auf dem Betriebssystem des Nutzers gespeichert werden. Dieser Cookie enth\u00e4lt eine charakteristische Zeichenfolge, die eine eindeutige Identifizierung des Browsers beim erneuten Aufrufen der Website erm\u00f6glicht. Wir setzen Cookies ein, um unsere Website nutzerfreundlich zu gestalten.<\/p>\n<p>Einige Elemente unserer Internetseite erfordern es, dass der aufrufende Browser auch nach einem Seitenwechsel identifiziert werden kann.<\/p>\n<p>In den Cookies werden folgende Daten gespeichert:<\/p>\n<p>(1) Spracheinstellungen<\/p>\n<p>(2) Log-Informationen<\/p>\n<p>Wir verwenden auf unserer Website dar\u00fcber hinaus Cookies, die eine Analyse des Surfverhaltens der Nutzer erm\u00f6glichen. auf diese Weise k\u00f6nnen folgende Daten \u00fcbermittelt werden:<\/p>\n<p>(1) eingegebene Suchbegriffe<\/p>\n<p>(2) H\u00e4ufigkeit der Seitenaufrufe<\/p>\n<p>(3) Inanspruchnahme von Web-Funktionen\u00a0<\/p>\n<p>Die auf diese Weise erhobenen Daten der Nutzer werden durch technische Vorkehrungen pseudonymisiert. Daher ist eine Zuordnung der Daten zum aufrufenden Nutzer nicht mehr m\u00f6glich. Die Daten werden nicht gemeinsam mit sonstigen personenbezogenen Daten der Nutzer gespeichert.\u00a0<\/p>\n<p><strong>2. Rechtsgrundlage der Datenverarbeitung<\/strong><\/p>\n<p>Die Rechtsgrundlage f\u00fcr die Verwendung personenbezogener Daten unter Verwendung von Cookies ist Art. 6 Abs. 1 lit. f DSGVO.\u00a0<\/p>\n<p><strong>3. Zweck der Datenverarbeitung<\/strong><\/p>\n<p>Der Zweck der Verwendung von technisch notwendigen Cookies ist es, die Nutzung von Websites f\u00fcr die Nutzer zu vereinfachen. Einige Funktionen unserer Website k\u00f6nnen ohne den Einsatz von Cookies nicht angeboten werden. F\u00fcr diese ist es erforderlich, dass der Nutzer auch nach einem Seitenwechsel wiedererkannt wird.<\/p>\n<p>Die durch technisch notwendige Cookies erhobenen Nutzerdaten werden nicht zur Erstellung von Nutzerprofilen verwendet.\u00a0<\/p>\n<p>Die Verwendung der Analyse-Cookies erfolgt zu dem Zweck, die Qualit\u00e4t unserer Website und ihre Inhalte zu verbessern. Durch die Analyse-Cookies erfahren wir, wie die Website genutzt wird und k\u00f6nnen so unser Angebot stetig verbessern.\u00a0<\/p>\n<p>In diesen Zwecken liegt auch ein berechtigtes Interesse in der Verarbeitung der personenbezogenen Daten nach Art. 6 Abs. 1 lit. f DSGVO.<\/p>\n<p><strong>4. Dauer der Speicherung, Widerspruchs- und Beseitigungsm\u00f6glichkeit<\/strong><\/p>\n<p>Cookies werden auf dem Rechner des Nutzers gespeichert und von diesem an unsere Seite \u00fcbermittelt. Daher haben Sie als Nutzer auch die volle Kontrolle \u00fcber die Verwendung von Cookies. Durch eine \u00c4nderung der Einstellungen in Ihrem Internetbrowser k\u00f6nnen Sie die \u00dcbertragung von Cookies deaktivieren oder einschr\u00e4nken.<\/p>\n<p>Bereits gespeicherte Cookies k\u00f6nnen jederzeit gel\u00f6scht werden. Dies kann auch automatisiert erfolgen. Werden Cookies f\u00fcr unsere Website deaktiviert, k\u00f6nnen m\u00f6glicherweise nicht mehr alle Funktionen der Website vollumf\u00e4nglich genutzt werden.<\/p>\n<p>&nbsp;<\/p>\n<ul>\n<li><strong>Beschreibung und Umfang der Datenverarbeitung<\/strong><\/li>\n<\/ul>\n<p>Auf unserer Internetseite ist eine Kontaktaufnahme \u00fcber die bereitgestellte E-Mail-Adresse m\u00f6glich. In diesem Fall werden die mit der E-Mail \u00fcbermittelten personenbezogenen Daten des Nutzers gespeichert.<\/p>\n<p>Es erfolgt in diesem Zusammenhang keine Weitergabe der Daten an Dritte. Die Daten werden ausschlie\u00dflich f\u00fcr die Verarbeitung der Konversation verwendet.<\/p>\n<ul>\n<li><strong>Rechtsgrundlage f\u00fcr die Datenverarbeitung <\/strong><\/li>\n<\/ul>\n<p>Rechtsgrundlage f\u00fcr die Verarbeitung der Daten ist bei Vorliegen einer Einwilligung des Nutzers Art.\u00a06 Abs.\u00a01 lit.\u00a0a DSGVO.<\/p>\n<p>Rechtsgrundlage f\u00fcr die Verarbeitung der Daten, die im Zuge einer \u00dcbersendung einer E-Mail \u00fcbermittelt werden, ist Art.\u00a06 Abs.\u00a01 lit.\u00a0f DSGVO. Zielt der E-Mail-Kontakt auf den Abschluss eines Vertrages ab, so ist zus\u00e4tzliche Rechtsgrundlage f\u00fcr die Verarbeitung Art.\u00a06 Abs.\u00a01 lit.\u00a0b DSGVO.<\/p>\n<ul>\n<li><strong>Zweck der Datenverarbeitung<\/strong><\/li>\n<\/ul>\n<p>Die Verarbeitung der personenbezogenen Daten aus der Eingabemaske dient uns allein zur Bearbeitung der Kontaktaufnahme. Im Falle einer Kontaktaufnahme per E-Mail liegt hieran auch das erforderliche berechtigte Interesse an der Verarbeitung der Daten.<\/p>\n<p>Die sonstigen w\u00e4hrend des Absendevorgangs verarbeiteten personenbezogenen Daten dienen dazu, einen Missbrauch des Kontaktformulars zu verhindern und die Sicherheit unserer informationstechnischen Systeme sicherzustellen.<\/p>\n<ul>\n<li><strong>Dauer der Speicherung<\/strong><\/li>\n<\/ul>\n<p>Die Daten werden gel\u00f6scht, sobald sie f\u00fcr die Erreichung des Zweckes ihrer Erhebung nicht mehr erforderlich sind. F\u00fcr die personenbezogenen Daten aus der Eingabemaske des Kontaktformulars und diejenigen, die per E-Mail \u00fcbersandt wurden, ist dies dann der Fall, wenn die jeweilige Konversation mit dem Nutzer beendet ist. Beendet ist die Konversation dann, wenn sich aus den Umst\u00e4nden entnehmen l\u00e4sst, dass der betroffene Sachverhalt abschlie\u00dfend gekl\u00e4rt ist.<\/p>\n<p>Die w\u00e4hrend des Absendevorgangs zus\u00e4tzlich erhobenen personenbezogenen Daten werden sp\u00e4testens nach einer Frist von sieben Tagen gel\u00f6scht.<\/p>\n<ul>\n<li><strong>Widerspruchs- und Beseitigungsm\u00f6glichkeit<\/strong><\/li>\n<\/ul>\n<p>Der Nutzer hat jederzeit die M\u00f6glichkeit, seine Einwilligung zur Verarbeitung der personenbezogenen Daten zu widerrufen. Nimmt der Nutzer per E-Mail Kontakt mit uns auf, so kann er der Speicherung seiner personenbezogenen Daten jederzeit widersprechen. In einem solchen Fall kann die Konversation nicht fortgef\u00fchrt werden.<\/p>\n<p>Alle personenbezogenen Daten, die im Zuge der Kontaktaufnahme gespeichert wurden, werden in diesem Fall gel\u00f6scht.<\/p>\n\n\n<h2 class=\"wp-block-heading\">Langfassungen der Vereinbarungen zur Inanspruchnahme pharmazeutischer Dienstleistungen<\/h2>\n\n\n\n<ul>\n<li>Medikationsanalyse <\/li>\n<\/ul>\n\n\n\n<div data-wp-interactive=\"\" class=\"wp-block-file\"><object data-wp-bind--hidden=\"!selectors.core.file.hasPdfPreview\" hidden class=\"wp-block-file__embed\" data=\"https:\/\/burg-apo.net\/wp-content\/uploads\/2023\/01\/Vereinbarung-pharmazeutische-Dienstleistungen-Langfassung.pdf\" type=\"application\/pdf\" style=\"width:100%;height:600px\" aria-label=\"Einbettung von Vereinbarung-pharmazeutische-Dienstleistungen-Langfassung.\"><\/object><a id=\"wp-block-file--media-de50cd31-b96a-4be4-b8b5-f44ef703cb9b\" href=\"https:\/\/burg-apo.net\/wp-content\/uploads\/2023\/01\/Vereinbarung-pharmazeutische-Dienstleistungen-Langfassung.pdf\">Vereinbarung-pharmazeutische-Dienstleistungen-Langfassung<\/a><a href=\"https:\/\/burg-apo.net\/wp-content\/uploads\/2023\/01\/Vereinbarung-pharmazeutische-Dienstleistungen-Langfassung.pdf\" class=\"wp-block-file__button wp-element-button\" download aria-describedby=\"wp-block-file--media-de50cd31-b96a-4be4-b8b5-f44ef703cb9b\">Herunterladen<\/a><\/div>\n\n\n\n<p><\/p>\n\n\n\n<ul>\n<li>Einweisung in die korrekte Anwendung von Arzneimitteln zur Inhalation<\/li>\n<\/ul>\n\n\n\n<div data-wp-interactive=\"\" class=\"wp-block-file\"><object data-wp-bind--hidden=\"!selectors.core.file.hasPdfPreview\" hidden class=\"wp-block-file__embed\" data=\"https:\/\/burg-apo.net\/wp-content\/uploads\/2024\/01\/pDL_Inhalativa_Arbeitshilfe_Vereinbarung_lang.pdf\" type=\"application\/pdf\" style=\"width:100%;height:600px\" aria-label=\"Einbettung von pDL_Inhalativa_Arbeitshilfe_Vereinbarung_lang.\"><\/object><a id=\"wp-block-file--media-83feeb02-53cf-4d88-a1fe-2ce5bc5b5a02\" href=\"https:\/\/burg-apo.net\/wp-content\/uploads\/2024\/01\/pDL_Inhalativa_Arbeitshilfe_Vereinbarung_lang.pdf\">pDL_Inhalativa_Arbeitshilfe_Vereinbarung_lang<\/a><a href=\"https:\/\/burg-apo.net\/wp-content\/uploads\/2024\/01\/pDL_Inhalativa_Arbeitshilfe_Vereinbarung_lang.pdf\" class=\"wp-block-file__button wp-element-button\" download aria-describedby=\"wp-block-file--media-83feeb02-53cf-4d88-a1fe-2ce5bc5b5a02\">Herunterladen<\/a><\/div>\n\n\n\n<ul>\n<li>Blutdruckmessung<\/li>\n<\/ul>\n\n\n\n<div data-wp-interactive=\"\" class=\"wp-block-file\"><object data-wp-bind--hidden=\"!selectors.core.file.hasPdfPreview\" hidden class=\"wp-block-file__embed\" data=\"https:\/\/burg-apo.net\/wp-content\/uploads\/2024\/01\/pDL_Blutdruck_Arbeitshilfe_Vereinbarung_lang.pdf\" type=\"application\/pdf\" style=\"width:100%;height:600px\" aria-label=\"Einbettung von pDL_Blutdruck_Arbeitshilfe_Vereinbarung_lang.\"><\/object><a id=\"wp-block-file--media-cc0740ac-1361-4625-ae23-e15ce52b3563\" href=\"https:\/\/burg-apo.net\/wp-content\/uploads\/2024\/01\/pDL_Blutdruck_Arbeitshilfe_Vereinbarung_lang.pdf\">pDL_Blutdruck_Arbeitshilfe_Vereinbarung_lang<\/a><a href=\"https:\/\/burg-apo.net\/wp-content\/uploads\/2024\/01\/pDL_Blutdruck_Arbeitshilfe_Vereinbarung_lang.pdf\" class=\"wp-block-file__button wp-element-button\" download aria-describedby=\"wp-block-file--media-cc0740ac-1361-4625-ae23-e15ce52b3563\">Herunterladen<\/a><\/div>\n","protected":false},"excerpt":{"rendered":"<p>Datenschutzerkl\u00e4rung nach Datenschutz-Grundverordnung (DSGVO) I. Der Verantwortliche im Sinne der Datenschutz-Grundverordnung und anderer nationaler Datenschutzgesetze der Mitgliedsstaaten sowie sonstiger datenschutzrechtlicher Bestimmungen ist: Apotheke:\u00a0\u00a0\u00a0\u00a0\u00a0\u00a0 Burg-Apotheke Inhaber:\u00a0\u00a0\u00a0\u00a0\u00a0\u00a0\u00a0\u00a0\u00a0 Stefanie P\u00fctz Adresse:\u00a0\u00a0\u00a0\u00a0\u00a0\u00a0\u00a0\u00a0 Alter Markt 9\u00a0\u00a0\u00a0\u00a0\u00a0\u00a0\u00a0\u00a0\u00a0\u00a0\u00a0\u00a0\u00a0 \u00a0\u00a0\u00a0\u00a0\u00a0\u00a0\u00a0\u00a0\u00a0\u00a0\u00a0\u00a0\u00a0\u00a0\u00a0\u00a0\u00a0\u00a0\u00a0\u00a0\u00a0 54614 Sch\u00f6necken Telefon:\u00a0\u00a0\u00a0\u00a0\u00a0\u00a0\u00a0\u00a0\u00a0 06553\/961033 Fax:\u00a0\u00a0\u00a0\u00a0\u00a0\u00a0\u00a0\u00a0\u00a0\u00a0\u00a0\u00a0\u00a0\u00a0 06553\/961034 E-Mail:\u00a0\u00a0\u00a0\u00a0\u00a0\u00a0\u00a0\u00a0\u00a0\u00a0 info@burg-apo.net Homepage:\u00a0\u00a0\u00a0\u00a0 www.burg-apo.net Gegebenenfalls: II. Allgemeines zur Datenverarbeitung 1. Umfang der Verarbeitung personenbezogener Daten Wir erheben &hellip; <\/p>\n<p class=\"link-more\"><a href=\"https:\/\/burg-apo.net\/?page_id=697\" class=\"more-link\"><span class=\"screen-reader-text\">\u201eDatenschutzerkl\u00e4rung\/\/\/Langfassungen der pDL-Vereinbarungen\u201c<\/span> weiterlesen<\/a><\/p>\n","protected":false},"author":2,"featured_media":0,"parent":0,"menu_order":10,"comment_status":"closed","ping_status":"closed","template":"","meta":{"footnotes":""},"_links":{"self":[{"href":"https:\/\/burg-apo.net\/index.php?rest_route=\/wp\/v2\/pages\/697"}],"collection":[{"href":"https:\/\/burg-apo.net\/index.php?rest_route=\/wp\/v2\/pages"}],"about":[{"href":"https:\/\/burg-apo.net\/index.php?rest_route=\/wp\/v2\/types\/page"}],"author":[{"embeddable":true,"href":"https:\/\/burg-apo.net\/index.php?rest_route=\/wp\/v2\/users\/2"}],"replies":[{"embeddable":true,"href":"https:\/\/burg-apo.net\/index.php?rest_route=%2Fwp%2Fv2%2Fcomments&post=697"}],"version-history":[{"count":8,"href":"https:\/\/burg-apo.net\/index.php?rest_route=\/wp\/v2\/pages\/697\/revisions"}],"predecessor-version":[{"id":1591,"href":"https:\/\/burg-apo.net\/index.php?rest_route=\/wp\/v2\/pages\/697\/revisions\/1591"}],"wp:attachment":[{"href":"https:\/\/burg-apo.net\/index.php?rest_route=%2Fwp%2Fv2%2Fmedia&parent=697"}],"curies":[{"name":"wp","href":"https:\/\/api.w.org\/{rel}","templated":true}]}}